{"id":368,"date":"2025-05-08T19:41:04","date_gmt":"2025-05-08T19:41:04","guid":{"rendered":"https:\/\/ingenierosdejujuy.org.ar\/proyecccion\/?page_id=368"},"modified":"2026-03-13T01:58:04","modified_gmt":"2026-03-13T01:58:04","slug":"editorial","status":"publish","type":"page","link":"https:\/\/ingenierosdejujuy.org.ar\/proyeccion122\/editorial\/","title":{"rendered":"Editorial"},"content":{"rendered":"\n<p class=\"has-extra-cat-color-color has-text-color has-link-color has-small-font-size wp-elements-60507e9a4d1c600fc42930e833a821dd\"><strong>Ing. Sergio Guillermo Aramayo<br>Presidente<br>| Colegio de Ingenieros de Jujuy<\/strong><\/p>\n\n\n\n<div class=\"wp-block-columns is-layout-flex wp-container-core-columns-is-layout-28f84493 wp-block-columns-is-layout-flex\">\n<div class=\"wp-block-column is-layout-flow wp-block-column-is-layout-flow\">\n<figure class=\"wp-block-image aligncenter size-full is-resized\"><a href=\"https:\/\/ingenierosdejujuy.org.ar\/proyeccion122\/wp-content\/uploads\/2025\/05\/WhatsApp-Image-2025-05-07-at-19.26.33.jpeg\"><img loading=\"lazy\" decoding=\"async\" width=\"321\" height=\"355\" src=\"https:\/\/ingenierosdejujuy.org.ar\/proyeccion122\/wp-content\/uploads\/2025\/05\/WhatsApp-Image-2025-05-07-at-19.26.33.jpeg\" alt=\"\" class=\"wp-image-369\" style=\"width:269px;height:auto\" srcset=\"https:\/\/ingenierosdejujuy.org.ar\/proyeccion122\/wp-content\/uploads\/2025\/05\/WhatsApp-Image-2025-05-07-at-19.26.33.jpeg 321w, https:\/\/ingenierosdejujuy.org.ar\/proyeccion122\/wp-content\/uploads\/2025\/05\/WhatsApp-Image-2025-05-07-at-19.26.33-271x300.jpeg 271w\" sizes=\"auto, (max-width: 321px) 100vw, 321px\" \/><\/a><\/figure>\n\n\n\n<p align=\"justify\"><span style=\"font-weight: 400;\">El inicio del a\u00f1o tiene un v\u00e9rtigo que, al parecer, marca el ritmo con el que transitaremos los pr\u00f3ximos meses. Tal como se\u00f1alamos en el \u00faltimo n\u00famero de diciembre de 2025, <\/span><i><span style=\"font-weight: 400;\">\u201cluego de las elecciones, el Gobierno Nacional ha decidido avanzar a fondo con la reforma del Estado y, con la nueva conformaci\u00f3n de las C\u00e1maras a partir del 10 de diciembre de 2025, ya se discuten en sesiones extraordinarias leyes como la Reforma Laboral (Modernizaci\u00f3n Laboral), la Ley de Inocencia Fiscal, la reforma tributaria, la modificaci\u00f3n de la Ley de Glaciares, la reforma al C\u00f3digo Penal y la Ley de Presupuesto 2026\u201d<\/span><\/i><span style=\"font-weight: 400;\">.<\/span><\/p>\n\n\n\n<p align=\"justify\"><span style=\"font-weight: 400;\">As\u00ed se han desarrollado estos primeros meses del a\u00f1o, en los que los ciudadanos hemos asistido a intensos debates y, en algunos casos, a una suerte de espect\u00e1culo parlamentario, donde las negociaciones y los intereses sectoriales, corporativos y territoriales han prevalecido por sobre el inter\u00e9s general y nacional. En el balance general, lo que algunos consideran un triunfo pol\u00edtico podr\u00eda tener un efecto boomerang, ya que se anticipa una catarata de presentaciones judiciales por la presunta inconstitucionalidad de algunas normas aprobadas y por el posible incumplimiento de tratados internacionales. Esta situaci\u00f3n vuelve a poner en discusi\u00f3n la inseguridad jur\u00eddica para quienes tienen intenciones de invertir en nuestro pa\u00eds.<\/span><\/p>\n\n\n\n<p align=\"justify\"><span style=\"font-weight: 400;\">En el plano internacional tambi\u00e9n se observa una aceleraci\u00f3n en la disputa geopol\u00edtica entre las grandes potencias \u2014Estados Unidos, Rusia y China\u2014 por el control de recursos estrat\u00e9gicos y, en algunos casos, de territorios que consolidan sus hegemon\u00edas comerciales y militares. La guerra arancelaria, las intervenciones militares y el desconocimiento de acuerdos y normas de organismos internacionales como la ONU, la OEA o la OTAN muestran hasta d\u00f3nde est\u00e1n dispuestas a llegar estas potencias en defensa de sus intereses.<\/span><\/p>\n\n\n\n<p align=\"justify\"><span style=\"font-weight: 400;\">Un ejemplo extremo de esta escalada se produjo el s\u00e1bado 30 de marzo, cuando Estados Unidos, junto con el Estado de Israel, bombarde\u00f3 Ir\u00e1n. Entre los objetivos atacados se mencionaron lugares estrat\u00e9gicos y la residencia del ayatollah Ali Khamenei, lo que habr\u00eda provocado su muerte, la de su esposa y la de varios miembros de su Estado Mayor. El hecho desencaden\u00f3 una respuesta militar de ese pa\u00eds contra los agresores y contra varios aliados en la regi\u00f3n, escalando un conflicto armado cuyos alcances y consecuencias mundiales resultan a\u00fan imprevisibles. El gobierno de nuestro pa\u00eds, dejando nuevamente de lado la tradici\u00f3n hist\u00f3rica de neutralidad, celebr\u00f3 la acci\u00f3n b\u00e9lica en l\u00ednea con su conocida alineaci\u00f3n con Estados Unidos e Israel, lo que para algunos analistas coloca a la Argentina en una zona de riesgo geopol\u00edtico.<\/span><\/p>\n\n\n\n<p align=\"justify\">El primero de marzo asistimos en el Congreso de la Naci\u00f3n a la inauguraci\u00f3n de un nuevo per\u00edodo de sesiones ordinarias y al inicio formal del a\u00f1o legislativo, con el discurso del presidente Javier Milei ante la Asamblea Legislativa.\u00a0<\/p>\n\n\n\n<p><\/p>\n\n\n\n<p><\/p>\n\n\n\n<p><\/p>\n<\/div>\n\n\n\n<div class=\"wp-block-column is-layout-flow wp-block-column-is-layout-flow\">\n<p align=\"justify\"><span style=\"font-weight: 400;\">En su exposici\u00f3n, el gobierno ratific\u00f3 el rumbo econ\u00f3mico trazado y desarrollado en estos dos a\u00f1os de gesti\u00f3n, y anticip\u00f3 el env\u00edo de una serie de leyes y reformas destinadas a consolidarlo. M\u00e1s all\u00e1 de destacar la baja de la inflaci\u00f3n, la pol\u00edtica de no emisi\u00f3n monetaria, la reducci\u00f3n del Estado y el cierre de dependencias p\u00fablicas, nada se dijo acerca de la ca\u00edda del consumo ni de la p\u00e9rdida del poder adquisitivo de los salarios p\u00fablicos y privados. Asimismo, se reafirm\u00f3 la decisi\u00f3n de no invertir en infraestructura p\u00fablica y de mantener restricciones presupuestarias en \u00e1reas sensibles como la universidad y la salud.<\/span><\/p>\n<p align=\"justify\"><span style=\"font-weight: 400;\">El presidente defendi\u00f3 tambi\u00e9n la apertura econ\u00f3mica y justific\u00f3 el cierre de diversas ramas de la producci\u00f3n nacional que, seg\u00fan el gobierno, subsist\u00edan gracias a subsidios y protecciones estatales. Algunos analistas sostienen que este rumbo conduce inevitablemente a un \u201cindustricidio\u201d, que podr\u00eda dejar muchas m\u00e1s empresas cerradas que las ya 22 mil que han cesado sus actividades, con la consecuente p\u00e9rdida de empleos. En este sentido, la Uni\u00f3n Industrial Argentina (UIA), en un comunicado del 3 de marzo, pidi\u00f3 respeto por las afirmaciones del presidente Milei contrarias a la industria nacional contenidas en su discurso y record\u00f3 al presidente Carlos Pellegrini, quien en 1892 lanz\u00f3 el lema: <\/span><i><span style=\"font-weight: 400;\">\u201cSin industria no hay Naci\u00f3n\u201d.<\/span><\/i><\/p>\n<p align=\"justify\"><span style=\"font-weight: 400;\">Otros sectores sostienen que el pa\u00eds se encamina hacia una primarizaci\u00f3n de la econom\u00eda, sustentada en un modelo extractivista basado en la explotaci\u00f3n de recursos naturales, particularmente en la miner\u00eda, los hidrocarburos y el sector agropecuario.<\/span><\/p>\n\n\n\n<p align=\"justify\">En nuestra provincia tambi\u00e9n se inici\u00f3 la actividad legislativa. En su discurso de apertura del per\u00edodo de sesiones, el gobernador Carlos Sadir destac\u00f3 un importante plan de obras de infraestructura h\u00eddrica, vial y habitacional, financiado con recursos propios y con un permiso de endeudamiento externo aprobado en el presupuesto provincial 2026. Sin embargo, nada se dijo respecto de c\u00f3mo actuar\u00e1 el gobierno provincial en relaci\u00f3n con la Ley de Glaciares aprobada a nivel nacional, de la cual dependen numerosas inversiones en el sector minero.<\/p>\n\n\n\n<p align=\"justify\">En este contexto, nuestro Colegio se ha propuesto para este a\u00f1o continuar gestionando iniciativas legislativas clave, como la Ley de Seguridad El\u00e9ctrica y la modificaci\u00f3n de la Ley de Colegiaci\u00f3n N\u00ba 4430. Asimismo, reforzaremos el ejercicio del poder de polic\u00eda y el control del ejercicio profesional en la provincia, interactuando activamente con organismos p\u00fablicos y privados.<\/p>\n\n\n\n<p align=\"justify\">Tambi\u00e9n continuaremos con las mejoras edilicias previstas en el proyecto de refuncionalizaci\u00f3n de nuestra sede y estamos elaborando un importante plan de capacitaci\u00f3n profesional, para el cual se destinar\u00e1 un presupuesto significativo que permita atender las demandas de actualizaci\u00f3n de las distintas especialidades.<\/p>\n\n\n\n<p align=\"justify\">Resulta especialmente alentador se\u00f1alar que, durante el \u00faltimo a\u00f1o, se registraron en nuestro Colegio 70 nuevos ingenieros e ingenieras matriculados en diversas especialidades, un dato que refleja la vitalidad de la profesi\u00f3n y el compromiso de las nuevas generaciones con el desarrollo de nuestra provincia.<\/p>\n<\/div>\n<\/div>\n","protected":false},"excerpt":{"rendered":"<p>Ing. Sergio Guillermo AramayoPresidente| Colegio de Ingenieros de Jujuy El inicio del a\u00f1o tiene un v\u00e9rtigo que, al parecer, marca el ritmo con el que transitaremos los pr\u00f3ximos meses. Tal como se\u00f1alamos en el \u00faltimo n\u00famero de diciembre de 2025, \u201cluego de las elecciones, el Gobierno Nacional ha decidido avanzar a fondo con la reforma&#8230;<\/p>\n","protected":false},"author":2,"featured_media":0,"parent":0,"menu_order":0,"comment_status":"closed","ping_status":"closed","template":"","meta":{"footnotes":""},"class_list":["post-368","page","type-page","status-publish","hentry"],"_links":{"self":[{"href":"https:\/\/ingenierosdejujuy.org.ar\/proyeccion122\/wp-json\/wp\/v2\/pages\/368","targetHints":{"allow":["GET"]}}],"collection":[{"href":"https:\/\/ingenierosdejujuy.org.ar\/proyeccion122\/wp-json\/wp\/v2\/pages"}],"about":[{"href":"https:\/\/ingenierosdejujuy.org.ar\/proyeccion122\/wp-json\/wp\/v2\/types\/page"}],"author":[{"embeddable":true,"href":"https:\/\/ingenierosdejujuy.org.ar\/proyeccion122\/wp-json\/wp\/v2\/users\/2"}],"replies":[{"embeddable":true,"href":"https:\/\/ingenierosdejujuy.org.ar\/proyeccion122\/wp-json\/wp\/v2\/comments?post=368"}],"version-history":[{"count":13,"href":"https:\/\/ingenierosdejujuy.org.ar\/proyeccion122\/wp-json\/wp\/v2\/pages\/368\/revisions"}],"predecessor-version":[{"id":1217,"href":"https:\/\/ingenierosdejujuy.org.ar\/proyeccion122\/wp-json\/wp\/v2\/pages\/368\/revisions\/1217"}],"wp:attachment":[{"href":"https:\/\/ingenierosdejujuy.org.ar\/proyeccion122\/wp-json\/wp\/v2\/media?parent=368"}],"curies":[{"name":"wp","href":"https:\/\/api.w.org\/{rel}","templated":true}]}}