{"id":344,"date":"2013-11-06T11:55:36","date_gmt":"2013-11-06T11:55:36","guid":{"rendered":"https:\/\/ingenierosdejujuy.org.ar\/proyecccion\/?page_id=2"},"modified":"2025-12-09T21:14:58","modified_gmt":"2025-12-09T21:14:58","slug":"sobrenosotros","status":"publish","type":"page","link":"https:\/\/ingenierosdejujuy.org.ar\/proyeccion122\/sobrenosotros\/","title":{"rendered":"Sobre nosotros"},"content":{"rendered":"\n<p><\/p>\n\n\n\n<div class=\"wp-block-columns is-style-jetnews-magazine-boxshadow-hover is-layout-flex wp-container-core-columns-is-layout-28f84493 wp-block-columns-is-layout-flex\">\n<div class=\"wp-block-column is-vertically-aligned-stretch is-style-jetnews-magazine-boxshadow has-border-color-background-color has-background is-layout-flow wp-block-column-is-layout-flow\" style=\"padding-top:var(--wp--preset--spacing--80);padding-right:var(--wp--preset--spacing--40);padding-bottom:var(--wp--preset--spacing--80);padding-left:var(--wp--preset--spacing--40);flex-basis:33.33%\">\n<p class=\"has-x-small-font-size\">Belgrano 969, 2\u00b0piso<br>C.P. 4600, San Salvador de Jujuy<br>TEL FAX: +54-388-422-9295<br>E-MAIL: contactos@ingenierosdejujuy.org.ar<strong><br><\/strong><\/p>\n\n\n\n<figure class=\"wp-block-image aligncenter size-full is-resized\"><a href=\"https:\/\/ingenierosdejujuy.org.ar\/proyeccion122\/wp-content\/uploads\/2025\/04\/cij_logo-1.png\"><img loading=\"lazy\" decoding=\"async\" width=\"314\" height=\"75\" src=\"https:\/\/ingenierosdejujuy.org.ar\/proyeccion122\/wp-content\/uploads\/2025\/04\/cij_logo-1.png\" alt=\"\" class=\"wp-image-7\" style=\"width:170px;height:auto\" srcset=\"https:\/\/ingenierosdejujuy.org.ar\/proyeccion122\/wp-content\/uploads\/2025\/04\/cij_logo-1.png 314w, https:\/\/ingenierosdejujuy.org.ar\/proyeccion122\/wp-content\/uploads\/2025\/04\/cij_logo-1-300x72.png 300w\" sizes=\"auto, (max-width: 314px) 100vw, 314px\" \/><\/a><\/figure>\n<\/div>\n\n\n\n<div class=\"wp-block-column is-vertically-aligned-top is-style-jetnews-magazine-boxshadow-large has-background is-layout-flow wp-block-column-is-layout-flow\" style=\"background:linear-gradient(180deg,rgba(0,0,0,0.05) 100%,rgb(0,0,0) 100%);padding-top:var(--wp--preset--spacing--20);padding-right:var(--wp--preset--spacing--40);padding-bottom:var(--wp--preset--spacing--20);padding-left:var(--wp--preset--spacing--40);flex-basis:66.66%\">\n<figure class=\"wp-block-image aligncenter size-large is-resized is-style-jetnews-magazine-image-pulse\"><a href=\"https:\/\/ingenierosdejujuy.org.ar\/proyeccion122\/wp-content\/uploads\/2025\/05\/proyeccion.png\"><img loading=\"lazy\" decoding=\"async\" width=\"1024\" height=\"281\" src=\"https:\/\/ingenierosdejujuy.org.ar\/proyeccion122\/wp-content\/uploads\/2025\/05\/proyeccion-1024x281.png\" alt=\"\" class=\"wp-image-173\" style=\"width:391px;height:auto\" srcset=\"https:\/\/ingenierosdejujuy.org.ar\/proyeccion122\/wp-content\/uploads\/2025\/05\/proyeccion-1024x281.png 1024w, https:\/\/ingenierosdejujuy.org.ar\/proyeccion122\/wp-content\/uploads\/2025\/05\/proyeccion-300x82.png 300w, https:\/\/ingenierosdejujuy.org.ar\/proyeccion122\/wp-content\/uploads\/2025\/05\/proyeccion-768x211.png 768w, https:\/\/ingenierosdejujuy.org.ar\/proyeccion122\/wp-content\/uploads\/2025\/05\/proyeccion.png 1451w\" sizes=\"auto, (max-width: 1024px) 100vw, 1024px\" \/><\/a><\/figure>\n\n\n\n<h5 class=\"wp-block-heading\">  <strong>Direcci\u00f3n<\/strong><\/h5>\n\n\n\n<p>  Junta Directiva del Colegio de Ingenieros de Jujuy<\/p>\n\n\n\n<h5 class=\"wp-block-heading\">  <strong>Coordinaci\u00f3n General<\/strong><\/h5>\n\n\n\n<p>  Ing. Marcelo Helou MP N\u00b0 876CI<\/p>\n\n\n\n<h5 class=\"wp-block-heading\">  <strong>Prensa y Difusi\u00f3n<\/strong><\/h5>\n\n\n\n<div class=\"wp-block-group is-vertical is-layout-flex wp-container-core-group-is-layout-fe9cc265 wp-block-group-is-layout-flex\">\n<div class=\"wp-block-group is-vertical is-layout-flex wp-container-core-group-is-layout-98bb686d wp-block-group-is-layout-flex\">\n<p>  Data Comunicaci\u00f3n<\/p>\n\n\n\n<p>  Lic. Sara Berzain- Entrevistas y notas<\/p>\n\n\n\n<p>  Jimena Tabera &#8211; Fotograf\u00eda<\/p>\n<\/div>\n<\/div>\n\n\n\n<h5 class=\"wp-block-heading\">  <strong>Dise\u00f1o y Diagramaci\u00f3n<\/strong><\/h5>\n\n\n\n<div class=\"wp-block-group is-vertical is-layout-flex wp-container-core-group-is-layout-98bb686d wp-block-group-is-layout-flex\">\n<p>  Ing. Elisa Contreras MP N\u00b0 1350 IF<\/p>\n\n\n\n<p>Ing. Soledad Sanchez MP N\u00b0 1349 IF<\/p>\n\n\n\n<p>Marcelo Guti\u00e9rrez &#8211; Dise\u00f1ador gr\u00e1fico y publicitario<\/p>\n<\/div>\n\n\n\n<h5 class=\"wp-block-heading\">  <strong>Contactos<\/strong><\/h5>\n\n\n\n<div class=\"wp-block-group is-vertical is-layout-flex wp-container-core-group-is-layout-fe9cc265 wp-block-group-is-layout-flex\">\n<div class=\"wp-block-group is-vertical is-layout-flex wp-container-core-group-is-layout-98bb686d wp-block-group-is-layout-flex\">\n<p>  <strong>Correo<\/strong>: contacto@ingenierosdejujuy.org.ar<\/p>\n\n\n\n<p>  <strong>Pagina Web<\/strong>: ingenierosdejujuy.org.ar<\/p>\n<\/div>\n<\/div>\n\n\n\n<p><\/p>\n<\/div>\n<\/div>\n\n\n\n<figure class=\"wp-block-image aligncenter size-full is-resized\"><a href=\"https:\/\/ingenierosdejujuy.org.ar\/proyeccion122\/wp-content\/uploads\/2025\/05\/WhatsApp-Image-2025-05-07-at-19.21.29.jpeg\"><img loading=\"lazy\" decoding=\"async\" width=\"762\" height=\"45\" src=\"https:\/\/ingenierosdejujuy.org.ar\/proyeccion122\/wp-content\/uploads\/2025\/05\/WhatsApp-Image-2025-05-07-at-19.21.29.jpeg\" alt=\"\" class=\"wp-image-297\" style=\"width:449px;height:auto\" srcset=\"https:\/\/ingenierosdejujuy.org.ar\/proyeccion122\/wp-content\/uploads\/2025\/05\/WhatsApp-Image-2025-05-07-at-19.21.29.jpeg 762w, https:\/\/ingenierosdejujuy.org.ar\/proyeccion122\/wp-content\/uploads\/2025\/05\/WhatsApp-Image-2025-05-07-at-19.21.29-300x18.jpeg 300w\" sizes=\"auto, (max-width: 762px) 100vw, 762px\" \/><\/a><\/figure>\n\n\n\n<div class=\"wp-block-columns is-style-jetnews-magazine-boxshadow has-background is-layout-flex wp-container-core-columns-is-layout-85958d59 wp-block-columns-is-layout-flex\" style=\"background:linear-gradient(180deg,rgba(0,0,0,0.05) 99%,rgb(0,0,0) 100%);padding-top:var(--wp--preset--spacing--40);padding-right:var(--wp--preset--spacing--40);padding-bottom:var(--wp--preset--spacing--40);padding-left:var(--wp--preset--spacing--40)\">\n<div class=\"wp-block-column is-layout-flow wp-block-column-is-layout-flow\">\n<p class=\"has-text-align-center has-light-shade-color has-text-color has-link-color has-big-font-size wp-elements-e7326bc98371f529f87a03457167c5b8\"><strong>JUNTA DIRECTIVA<\/strong><\/p>\n\n\n\n<ul class=\"wp-block-list is-style-default has-x-small-font-size\">\n<li><\/li>\n<\/ul>\n\n\n\n<div class=\"wp-block-group has-x-small-font-size is-vertical is-content-justification-left is-layout-flex wp-container-core-group-is-layout-fb1c31e1 wp-block-group-is-layout-flex\" style=\"margin-top:0;margin-bottom:0;padding-top:0;padding-right:var(--wp--preset--spacing--40);padding-bottom:0;padding-left:var(--wp--preset--spacing--40)\">\n<p style=\"font-size:14px\"><strong>PRESIDENTE:<\/strong> ARAMAYO,SERGIO GUILLERMO,MP:549-CI<\/p>\n\n\n\n<p style=\"font-size:14px\"><strong>VICE- PRESIDENTE<\/strong>:AGUIRRE,NESTOR EDUARDO,MP:1341-ET<\/p>\n\n\n\n<p style=\"font-size:14px\"><strong>SECRETARIO<\/strong>:DIAZ,DANIEL OMAR,MP:718-CI<\/p>\n\n\n\n<p style=\"font-size:14px\"><strong>VOCAL 1\u00ba<\/strong>: SANCHEZ, SOLEDAD ERICA,MP:1349-IF<\/p>\n\n\n\n<p style=\"font-size:14px\"><strong>VOCAL 2\u00ba<\/strong>: SIMON,ALFREDO LEONARDO,MP:567-QI<\/p>\n\n\n\n<p style=\"font-size:14px\"><strong>VOCAL 3\u00ba<\/strong>:VERA,ANA CAROLINA,MP:1699-CI<\/p>\n\n\n\n<p style=\"font-size:14px\"><strong>VOCAL 4\u00ba<\/strong>:OLIVERA,JULIO HERMINIO,MP:1662-SI<\/p>\n\n\n\n<p style=\"font-size:14px\"><strong>VOCAL SUPLENTE 1\u00ba<\/strong>: GUARI,SERGIO REINALDO,MP:1408-QI<\/p>\n\n\n\n<p style=\"font-size:14px\"><strong>VOCAL SUPLENTE 2\u00ba<\/strong>:SARAVIA,CLAUDIO ABEL,MP:1658-IF&nbsp;&nbsp;&nbsp;&nbsp;<\/p>\n\n\n\n<p style=\"font-size:14px\"><strong>VOCAL SUPLENTE 3\u00ba<\/strong>:RIVERO,BENJAMIN, MP:1576-ME<\/p>\n<\/div>\n\n\n\n<p class=\"has-text-align-center has-light-shade-color has-text-color has-link-color has-big-font-size wp-elements-9a5d7f83fd6c1ace498dc6cea18838b7\"><strong>COMISI\u00d3N REVISORA DE CUENTAS<\/strong><\/p>\n\n\n\n<div class=\"wp-block-group has-x-small-font-size is-vertical is-layout-flex wp-container-core-group-is-layout-da5a75cd wp-block-group-is-layout-flex\" style=\"padding-top:0;padding-right:var(--wp--preset--spacing--30);padding-bottom:0;padding-left:var(--wp--preset--spacing--30)\">\n<p style=\"font-size:14px\"><strong>TITULAR<\/strong>: SUBELZA, ALBERTO LUIS, MP: 700-EE<\/p>\n\n\n\n<p style=\"font-size:14px\"><strong>TITULAR<\/strong>: ZAMBONI, MONICA RAQUEL, MP: 539-CI<\/p>\n\n\n\n<p style=\"font-size:14px\"><strong>TITULAR<\/strong>: FERMOSELLE, MARCELO D., MP: 427-EL<\/p>\n\n\n\n<p style=\"font-size:14px\"><strong>1<sup>ER.&nbsp;<\/sup>SUPLENTE<\/strong>: GOMEZ, CONSUELO ISABEL, MP: 852-SI<\/p>\n\n\n\n<p style=\"font-size:14px\"><strong>2&nbsp;<sup>DO.<\/sup>&nbsp;SUPLENTE:<\/strong> FERNANDEZ CAMPOS, LUIS MARIA, MP: 884-CI<\/p>\n<\/div>\n\n\n\n<p class=\"has-text-align-center has-light-shade-color has-text-color has-link-color has-big-font-size wp-elements-736e5ab9de26e8ffa8bfd95ff3ee0343\"><strong>TRIBUNAL DE \u00c9TICA Y DISCIPLINA<\/strong><\/p>\n\n\n\n<div class=\"wp-block-group has-x-small-font-size is-vertical is-layout-flex wp-container-core-group-is-layout-da5a75cd wp-block-group-is-layout-flex\" style=\"padding-top:0;padding-right:var(--wp--preset--spacing--30);padding-bottom:0;padding-left:var(--wp--preset--spacing--30)\">\n<p class=\"has-text-align-left\" style=\"font-size:14px\"><strong>TITULAR<\/strong>: RODRIGUEZ FRANCILE, HECTOR, MP: 168-CI<\/p>\n\n\n\n<p class=\"has-text-align-left\" style=\"font-size:14px\"><strong>TITULAR<\/strong>: HELOU, MARCELO JAVIER, MP: 876-CI<\/p>\n\n\n\n<p class=\"has-text-align-left\" style=\"font-size:14px\"><strong>TITULAR: <\/strong>COLETTI, ANTONIO O., MP: 185-CI<\/p>\n\n\n\n<p class=\"has-text-align-left\" style=\"font-size:14px\"><strong>1<sup>ER.\u00a0<\/sup>SUPLENTE:<\/strong> TOLABIN, EDMUNDO, MP: 192-MT<\/p>\n\n\n\n<p class=\"has-text-align-left\" style=\"font-size:14px\"><strong><strong>2\u00a0<sup>DO.<\/sup>\u00a0SUPLENTE<\/strong><\/strong>: BENICIO, NICANOR, MP: 169-CI<\/p>\n<\/div>\n<\/div>\n<\/div>\n","protected":false},"excerpt":{"rendered":"<p>Belgrano 969, 2\u00b0pisoC.P. 4600, San Salvador de JujuyTEL FAX: +54-388-422-9295E-MAIL: contactos@ingenierosdejujuy.org.ar Direcci\u00f3n Junta Directiva del Colegio de Ingenieros de Jujuy Coordinaci\u00f3n General Ing. Marcelo Helou MP N\u00b0 876CI Prensa y Difusi\u00f3n Data Comunicaci\u00f3n Lic. Sara Berzain- Entrevistas y notas Jimena Tabera &#8211; Fotograf\u00eda Dise\u00f1o y Diagramaci\u00f3n Ing. Elisa Contreras MP N\u00b0 1350 IF Ing. Soledad&#8230;<\/p>\n","protected":false},"author":2,"featured_media":0,"parent":0,"menu_order":0,"comment_status":"open","ping_status":"closed","template":"","meta":{"footnotes":""},"class_list":["post-344","page","type-page","status-publish","hentry"],"_links":{"self":[{"href":"https:\/\/ingenierosdejujuy.org.ar\/proyeccion122\/wp-json\/wp\/v2\/pages\/344","targetHints":{"allow":["GET"]}}],"collection":[{"href":"https:\/\/ingenierosdejujuy.org.ar\/proyeccion122\/wp-json\/wp\/v2\/pages"}],"about":[{"href":"https:\/\/ingenierosdejujuy.org.ar\/proyeccion122\/wp-json\/wp\/v2\/types\/page"}],"author":[{"embeddable":true,"href":"https:\/\/ingenierosdejujuy.org.ar\/proyeccion122\/wp-json\/wp\/v2\/users\/2"}],"replies":[{"embeddable":true,"href":"https:\/\/ingenierosdejujuy.org.ar\/proyeccion122\/wp-json\/wp\/v2\/comments?post=344"}],"version-history":[{"count":1,"href":"https:\/\/ingenierosdejujuy.org.ar\/proyeccion122\/wp-json\/wp\/v2\/pages\/344\/revisions"}],"predecessor-version":[{"id":844,"href":"https:\/\/ingenierosdejujuy.org.ar\/proyeccion122\/wp-json\/wp\/v2\/pages\/344\/revisions\/844"}],"wp:attachment":[{"href":"https:\/\/ingenierosdejujuy.org.ar\/proyeccion122\/wp-json\/wp\/v2\/media?parent=344"}],"curies":[{"name":"wp","href":"https:\/\/api.w.org\/{rel}","templated":true}]}}